{"id":740,"date":"2023-05-05T07:17:09","date_gmt":"2023-05-05T07:17:09","guid":{"rendered":"https:\/\/pipsapvc.com\/sv\/?page_id=740"},"modified":"2023-05-30T05:46:34","modified_gmt":"2023-05-30T05:46:34","slug":"productos","status":"publish","type":"page","link":"https:\/\/pipsapvc.com\/sv\/productos\/","title":{"rendered":"Productos"},"content":{"rendered":"\t\t<div data-elementor-type=\"wp-page\" data-elementor-id=\"740\" class=\"elementor elementor-740\">\n\t\t\t\t\t\t\t\t\t<section class=\"elementor-section elementor-top-section elementor-element elementor-element-69b960bf elementor-section-boxed elementor-section-height-default elementor-section-height-default\" data-id=\"69b960bf\" data-element_type=\"section\" data-settings=\"{&quot;background_background&quot;:&quot;classic&quot;,&quot;shape_divider_bottom&quot;:&quot;waves&quot;,&quot;shape_divider_bottom_negative&quot;:&quot;yes&quot;,&quot;background_motion_fx_motion_fx_scrolling&quot;:&quot;yes&quot;,&quot;background_motion_fx_scale_effect&quot;:&quot;yes&quot;,&quot;background_motion_fx_scale_speed&quot;:{&quot;unit&quot;:&quot;px&quot;,&quot;size&quot;:10,&quot;sizes&quot;:[]},&quot;background_motion_fx_motion_fx_mouse&quot;:&quot;yes&quot;,&quot;background_motion_fx_mouseTrack_effect&quot;:&quot;yes&quot;,&quot;background_motion_fx_mouseTrack_speed&quot;:{&quot;unit&quot;:&quot;px&quot;,&quot;size&quot;:0.4,&quot;sizes&quot;:[]},&quot;background_motion_fx_scale_direction&quot;:&quot;out-in&quot;,&quot;background_motion_fx_scale_range&quot;:{&quot;unit&quot;:&quot;%&quot;,&quot;size&quot;:&quot;&quot;,&quot;sizes&quot;:{&quot;start&quot;:20,&quot;end&quot;:80}},&quot;background_motion_fx_devices&quot;:[&quot;desktop&quot;,&quot;tablet&quot;,&quot;mobile&quot;]}\">\n\t\t\t\t\t\t\t<div class=\"elementor-background-overlay\"><\/div>\n\t\t\t\t\t\t<div class=\"elementor-shape elementor-shape-bottom\" data-negative=\"true\">\n\t\t\t<svg xmlns=\"http:\/\/www.w3.org\/2000\/svg\" viewBox=\"0 0 1000 100\" preserveAspectRatio=\"none\">\n\t<path class=\"elementor-shape-fill\" d=\"M790.5,93.1c-59.3-5.3-116.8-18-192.6-50c-29.6-12.7-76.9-31-100.5-35.9c-23.6-4.9-52.6-7.8-75.5-5.3\n\tc-10.2,1.1-22.6,1.4-50.1,7.4c-27.2,6.3-58.2,16.6-79.4,24.7c-41.3,15.9-94.9,21.9-134,22.6C72,58.2,0,25.8,0,25.8V100h1000V65.3\n\tc0,0-51.5,19.4-106.2,25.7C839.5,97,814.1,95.2,790.5,93.1z\"\/>\n<\/svg>\t\t<\/div>\n\t\t\t\t\t<div class=\"elementor-container elementor-column-gap-default\">\n\t\t\t\t\t<div class=\"elementor-column elementor-col-100 elementor-top-column elementor-element elementor-element-401092c8\" data-id=\"401092c8\" data-element_type=\"column\">\n\t\t\t<div class=\"elementor-widget-wrap elementor-element-populated\">\n\t\t\t\t\t\t\t\t<div class=\"elementor-element elementor-element-643572bd elementor-invisible elementor-widget elementor-widget-heading\" data-id=\"643572bd\" data-element_type=\"widget\" data-settings=\"{&quot;_animation&quot;:&quot;fadeIn&quot;,&quot;_animation_delay&quot;:200}\" data-widget_type=\"heading.default\">\n\t\t\t\t<div class=\"elementor-widget-container\">\n\t\t\t<style>\/*! elementor - v3.13.3 - 28-05-2023 *\/\n.elementor-heading-title{padding:0;margin:0;line-height:1}.elementor-widget-heading .elementor-heading-title[class*=elementor-size-]>a{color:inherit;font-size:inherit;line-height:inherit}.elementor-widget-heading .elementor-heading-title.elementor-size-small{font-size:15px}.elementor-widget-heading .elementor-heading-title.elementor-size-medium{font-size:19px}.elementor-widget-heading .elementor-heading-title.elementor-size-large{font-size:29px}.elementor-widget-heading .elementor-heading-title.elementor-size-xl{font-size:39px}.elementor-widget-heading .elementor-heading-title.elementor-size-xxl{font-size:59px}<\/style><h1 class=\"elementor-heading-title elementor-size-default\">Productos<\/h1>\t\t<\/div>\n\t\t\t\t<\/div>\n\t\t\t\t\t<\/div>\n\t\t<\/div>\n\t\t\t\t\t\t\t<\/div>\n\t\t<\/section>\n\t\t\t\t<section class=\"elementor-section elementor-top-section elementor-element elementor-element-0b0c5c2 elementor-section-full_width elementor-section-height-default elementor-section-height-default\" data-id=\"0b0c5c2\" data-element_type=\"section\">\n\t\t\t\t\t\t<div class=\"elementor-container elementor-column-gap-no\">\n\t\t\t\t\t<div class=\"elementor-column elementor-col-100 elementor-top-column elementor-element elementor-element-d2fe570\" data-id=\"d2fe570\" data-element_type=\"column\">\n\t\t\t<div class=\"elementor-widget-wrap\">\n\t\t\t\t\t\t\t\t\t<\/div>\n\t\t<\/div>\n\t\t\t\t\t\t\t<\/div>\n\t\t<\/section>\n\t\t\t\t<section class=\"elementor-section elementor-top-section elementor-element elementor-element-6d13bb0 elementor-section-boxed elementor-section-height-default elementor-section-height-default\" data-id=\"6d13bb0\" data-element_type=\"section\">\n\t\t\t\t\t\t<div class=\"elementor-container elementor-column-gap-default\">\n\t\t\t\t\t<div class=\"elementor-column elementor-col-100 elementor-top-column elementor-element elementor-element-0bd2af4\" data-id=\"0bd2af4\" data-element_type=\"column\">\n\t\t\t<div class=\"elementor-widget-wrap elementor-element-populated\">\n\t\t\t\t\t\t\t\t<div class=\"elementor-element elementor-element-6509cba elementor-product-loop-item--align-center elementor-grid-4 elementor-grid-tablet-3 elementor-grid-mobile-2 elementor-products-grid elementor-wc-products elementor-show-pagination-border-yes elementor-widget elementor-widget-woocommerce-products\" data-id=\"6509cba\" data-element_type=\"widget\" data-widget_type=\"woocommerce-products.default\">\n\t\t\t\t<div class=\"elementor-widget-container\">\n\t\t\t<link rel=\"stylesheet\" href=\"https:\/\/pipsapvc.com\/sv\/wp-content\/plugins\/pro-elements\/assets\/css\/widget-woocommerce.min.css\"><div class=\"woocommerce columns-4 \"><ul class=\"products elementor-grid columns-4\">\n<li class=\"product type-product post-379 status-publish first instock product_cat-accesorios product_cat-agua-potable-accesorios product_tag-accesorios product_tag-adapt-hemb product_tag-agua-potable product_tag-pvc product_tag-tuberia has-post-thumbnail featured shipping-taxable purchasable product-type-variable\">\n\t<\/li>\n<li class=\"product type-product post-530 status-publish instock product_cat-accesorios product_cat-agua-potable-accesorios product_tag-accesorios product_tag-adapt-macho product_tag-adapt-mach product_tag-agua-potable product_tag-pvc product_tag-tuberia has-post-thumbnail featured shipping-taxable purchasable product-type-variable\">\n\t<\/li>\n<li class=\"product type-product post-564 status-publish instock product_cat-accesorios product_cat-agua-potable-accesorios product_tag-accesorios product_tag-agua-potable product_tag-codo-liso-45 product_tag-codo-pl45 product_tag-pvc product_tag-tuberia has-post-thumbnail featured shipping-taxable purchasable product-type-variable\">\n\t<\/li>\n<li class=\"product type-product post-572 status-publish last instock product_cat-accesorios product_cat-agua-potable-accesorios product_tag-accesorios product_tag-agua-potable product_tag-codo-liso-90 product_tag-codo-pl90 product_tag-pvc product_tag-tuberia has-post-thumbnail featured shipping-taxable purchasable product-type-variable\">\n\t<\/li>\n<li class=\"product type-product post-630 status-publish first instock product_cat-accesorios product_cat-drenaje-accesorios product_tag-accesorios product_tag-drenaje product_tag-pared-gruesa-32-5 product_tag-pvc product_tag-reduct-drenaje product_tag-reductor product_tag-tuberia has-post-thumbnail featured shipping-taxable purchasable product-type-variable\">\n\t<\/li>\n<li class=\"product type-product post-624 status-publish instock product_cat-accesorios product_cat-drenaje-accesorios product_tag-accesorios product_tag-codo-90 product_tag-codo-dren90 product_tag-drenaje product_tag-pared-gruesa-32-5 product_tag-pvc product_tag-tuberia has-post-thumbnail featured shipping-taxable purchasable product-type-variable\">\n\t<\/li>\n<li class=\"product type-product post-592 status-publish instock product_cat-accesorios product_cat-agua-potable-accesorios product_tag-accesorios product_tag-agua-potable product_tag-pvc product_tag-te-pl00 product_tag-tee-lisa product_tag-tuberia has-post-thumbnail featured shipping-taxable purchasable product-type-variable\">\n\t<\/li>\n<li class=\"product type-product post-688 status-publish last instock product_cat-agua-potable product_cat-tuberia product_tag-135-psi product_tag-6-mts product_tag-agua-potable product_tag-pvc product_tag-sdr-13-5 product_tag-tuberia has-post-thumbnail featured shipping-taxable purchasable product-type-variable\">\n\t<\/li>\n<li class=\"product type-product post-707 status-publish first instock product_cat-agua-potable product_cat-tuberia product_tag-160-psi product_tag-6-mts product_tag-agua-potable product_tag-pvc product_tag-sdr-26 product_tag-tuberia has-post-thumbnail featured shipping-taxable purchasable product-type-variable\">\n\t<\/li>\n<li class=\"product type-product post-308 status-publish instock product_cat-agua-potable product_cat-tuberia product_tag-250-psi product_tag-6-mts product_tag-agua-potable product_tag-pvc product_tag-sdr-17 product_tag-tuberia has-post-thumbnail featured shipping-taxable purchasable product-type-variable\">\n\t<\/li>\n<li class=\"product type-product post-407 status-publish instock product_cat-agua-potable product_cat-tuberia product_tag-125-psi product_tag-6-mts product_tag-agua-potable product_tag-pvc product_tag-sdr-32-5 product_tag-tuberia has-post-thumbnail featured shipping-taxable purchasable product-type-variable\">\n\t<\/li>\n<li class=\"product type-product post-418 status-publish last instock product_cat-agua-potable product_cat-tuberia product_tag-100-psi product_tag-6-mts product_tag-agua-potable product_tag-pvc product_tag-sdr-41 product_tag-tuberia has-post-thumbnail featured shipping-taxable purchasable product-type-variable\">\n\t<\/li>\n<\/ul>\n<\/div>\t\t<\/div>\n\t\t\t\t<\/div>\n\t\t\t\t\t<\/div>\n\t\t<\/div>\n\t\t\t\t\t\t\t<\/div>\n\t\t<\/section>\n\t\t\t\t<section class=\"elementor-section elementor-top-section elementor-element elementor-element-7c8fe8c elementor-section-boxed elementor-section-height-default elementor-section-height-default\" data-id=\"7c8fe8c\" data-element_type=\"section\" data-settings=\"{&quot;background_background&quot;:&quot;classic&quot;,&quot;shape_divider_bottom&quot;:&quot;waves&quot;,&quot;shape_divider_bottom_negative&quot;:&quot;yes&quot;}\">\n\t\t\t\t\t\t\t<div class=\"elementor-background-overlay\"><\/div>\n\t\t\t\t\t\t<div class=\"elementor-shape elementor-shape-bottom\" data-negative=\"true\">\n\t\t\t<svg xmlns=\"http:\/\/www.w3.org\/2000\/svg\" viewBox=\"0 0 1000 100\" preserveAspectRatio=\"none\">\n\t<path class=\"elementor-shape-fill\" d=\"M790.5,93.1c-59.3-5.3-116.8-18-192.6-50c-29.6-12.7-76.9-31-100.5-35.9c-23.6-4.9-52.6-7.8-75.5-5.3\n\tc-10.2,1.1-22.6,1.4-50.1,7.4c-27.2,6.3-58.2,16.6-79.4,24.7c-41.3,15.9-94.9,21.9-134,22.6C72,58.2,0,25.8,0,25.8V100h1000V65.3\n\tc0,0-51.5,19.4-106.2,25.7C839.5,97,814.1,95.2,790.5,93.1z\"\/>\n<\/svg>\t\t<\/div>\n\t\t\t\t\t<div class=\"elementor-container elementor-column-gap-default\">\n\t\t\t\t\t<div class=\"elementor-column elementor-col-100 elementor-top-column elementor-element elementor-element-4941ca1\" data-id=\"4941ca1\" data-element_type=\"column\">\n\t\t\t<div class=\"elementor-widget-wrap elementor-element-populated\">\n\t\t\t\t\t\t\t\t<section class=\"elementor-section elementor-inner-section elementor-element elementor-element-af6e433 elementor-section-boxed elementor-section-height-default elementor-section-height-default\" data-id=\"af6e433\" data-element_type=\"section\">\n\t\t\t\t\t\t<div class=\"elementor-container elementor-column-gap-default\">\n\t\t\t\t\t<div class=\"elementor-column elementor-col-100 elementor-inner-column elementor-element elementor-element-cf18345\" data-id=\"cf18345\" data-element_type=\"column\">\n\t\t\t<div class=\"elementor-widget-wrap elementor-element-populated\">\n\t\t\t\t\t\t\t\t<div class=\"elementor-element elementor-element-c7f0af4 elementor-invisible elementor-widget elementor-widget-heading\" data-id=\"c7f0af4\" data-element_type=\"widget\" data-settings=\"{&quot;_animation&quot;:&quot;fadeIn&quot;,&quot;_animation_delay&quot;:200}\" data-widget_type=\"heading.default\">\n\t\t\t\t<div class=\"elementor-widget-container\">\n\t\t\t<h2 class=\"elementor-heading-title elementor-size-default\">Categorias<\/h2>\t\t<\/div>\n\t\t\t\t<\/div>\n\t\t\t\t<div class=\"elementor-element elementor-element-7af77ae elementor-invisible elementor-widget elementor-widget-heading\" data-id=\"7af77ae\" data-element_type=\"widget\" data-settings=\"{&quot;_animation&quot;:&quot;fadeIn&quot;,&quot;_animation_delay&quot;:400}\" data-widget_type=\"heading.default\">\n\t\t\t\t<div class=\"elementor-widget-container\">\n\t\t\t<h4 class=\"elementor-heading-title elementor-size-default\">Productos que garantizan la calidad\n\n<\/h4>\t\t<\/div>\n\t\t\t\t<\/div>\n\t\t\t\t\t<\/div>\n\t\t<\/div>\n\t\t\t\t\t\t\t<\/div>\n\t\t<\/section>\n\t\t\t\t<section class=\"elementor-section elementor-inner-section elementor-element elementor-element-8f3e246 elementor-section-boxed elementor-section-height-default elementor-section-height-default\" data-id=\"8f3e246\" data-element_type=\"section\">\n\t\t\t\t\t\t<div class=\"elementor-container elementor-column-gap-default\">\n\t\t\t\t\t<div class=\"elementor-column elementor-col-20 elementor-inner-column elementor-element elementor-element-054afbe\" data-id=\"054afbe\" data-element_type=\"column\">\n\t\t\t<div class=\"elementor-widget-wrap elementor-element-populated\">\n\t\t\t\t\t\t\t\t<div class=\"elementor-element elementor-element-dc269aa elementor-position-top elementor-vertical-align-top elementor-widget elementor-widget-image-box\" data-id=\"dc269aa\" data-element_type=\"widget\" data-widget_type=\"image-box.default\">\n\t\t\t\t<div class=\"elementor-widget-container\">\n\t\t\t<style>\/*! elementor - v3.13.3 - 28-05-2023 *\/\n.elementor-widget-image-box .elementor-image-box-content{width:100%}@media (min-width:768px){.elementor-widget-image-box.elementor-position-left .elementor-image-box-wrapper,.elementor-widget-image-box.elementor-position-right .elementor-image-box-wrapper{display:flex}.elementor-widget-image-box.elementor-position-right .elementor-image-box-wrapper{text-align:right;flex-direction:row-reverse}.elementor-widget-image-box.elementor-position-left .elementor-image-box-wrapper{text-align:left;flex-direction:row}.elementor-widget-image-box.elementor-position-top .elementor-image-box-img{margin:auto}.elementor-widget-image-box.elementor-vertical-align-top .elementor-image-box-wrapper{align-items:flex-start}.elementor-widget-image-box.elementor-vertical-align-middle .elementor-image-box-wrapper{align-items:center}.elementor-widget-image-box.elementor-vertical-align-bottom .elementor-image-box-wrapper{align-items:flex-end}}@media (max-width:767px){.elementor-widget-image-box .elementor-image-box-img{margin-left:auto!important;margin-right:auto!important;margin-bottom:15px}}.elementor-widget-image-box .elementor-image-box-img{display:inline-block}.elementor-widget-image-box .elementor-image-box-title a{color:inherit}.elementor-widget-image-box .elementor-image-box-wrapper{text-align:center}.elementor-widget-image-box .elementor-image-box-description{margin:0}<\/style><div class=\"elementor-image-box-wrapper\"><figure class=\"elementor-image-box-img\"><a href=\"#\"><img loading=\"lazy\" decoding=\"async\" width=\"720\" height=\"720\" src=\"https:\/\/pipsapvc.com\/sv\/wp-content\/uploads\/2023\/04\/potable-2.jpg\" class=\"attachment-full size-full wp-image-199\" alt=\"\" srcset=\"https:\/\/pipsapvc.com\/sv\/wp-content\/uploads\/2023\/04\/potable-2.jpg 720w, https:\/\/pipsapvc.com\/sv\/wp-content\/uploads\/2023\/04\/potable-2-450x450.jpg 450w, https:\/\/pipsapvc.com\/sv\/wp-content\/uploads\/2023\/04\/potable-2-100x100.jpg 100w, https:\/\/pipsapvc.com\/sv\/wp-content\/uploads\/2023\/04\/potable-2-600x600.jpg 600w, https:\/\/pipsapvc.com\/sv\/wp-content\/uploads\/2023\/04\/potable-2-300x300.jpg 300w, https:\/\/pipsapvc.com\/sv\/wp-content\/uploads\/2023\/04\/potable-2-150x150.jpg 150w\" sizes=\"auto, (max-width: 720px) 100vw, 720px\" \/><\/a><\/figure><div class=\"elementor-image-box-content\"><h5 class=\"elementor-image-box-title\"><a href=\"#\">Tuber\u00eda agua potable<\/a><\/h5><\/div><\/div>\t\t<\/div>\n\t\t\t\t<\/div>\n\t\t\t\t\t<\/div>\n\t\t<\/div>\n\t\t\t\t<div class=\"elementor-column elementor-col-20 elementor-inner-column elementor-element elementor-element-da03320\" data-id=\"da03320\" data-element_type=\"column\">\n\t\t\t<div class=\"elementor-widget-wrap elementor-element-populated\">\n\t\t\t\t\t\t\t\t<div class=\"elementor-element elementor-element-c8ef919 elementor-position-top elementor-vertical-align-top elementor-widget elementor-widget-image-box\" data-id=\"c8ef919\" data-element_type=\"widget\" data-widget_type=\"image-box.default\">\n\t\t\t\t<div class=\"elementor-widget-container\">\n\t\t\t<div class=\"elementor-image-box-wrapper\"><figure class=\"elementor-image-box-img\"><a href=\"#\"><img loading=\"lazy\" decoding=\"async\" width=\"720\" height=\"720\" src=\"https:\/\/pipsapvc.com\/sv\/wp-content\/uploads\/2023\/04\/potable.jpg\" class=\"attachment-full size-full wp-image-197\" alt=\"\" srcset=\"https:\/\/pipsapvc.com\/sv\/wp-content\/uploads\/2023\/04\/potable.jpg 720w, https:\/\/pipsapvc.com\/sv\/wp-content\/uploads\/2023\/04\/potable-450x450.jpg 450w, https:\/\/pipsapvc.com\/sv\/wp-content\/uploads\/2023\/04\/potable-100x100.jpg 100w, https:\/\/pipsapvc.com\/sv\/wp-content\/uploads\/2023\/04\/potable-600x600.jpg 600w, https:\/\/pipsapvc.com\/sv\/wp-content\/uploads\/2023\/04\/potable-300x300.jpg 300w, https:\/\/pipsapvc.com\/sv\/wp-content\/uploads\/2023\/04\/potable-150x150.jpg 150w\" sizes=\"auto, (max-width: 720px) 100vw, 720px\" \/><\/a><\/figure><div class=\"elementor-image-box-content\"><h5 class=\"elementor-image-box-title\"><a href=\"#\">Tuber\u00eda Drenaje<\/a><\/h5><\/div><\/div>\t\t<\/div>\n\t\t\t\t<\/div>\n\t\t\t\t\t<\/div>\n\t\t<\/div>\n\t\t\t\t<div class=\"elementor-column elementor-col-20 elementor-inner-column elementor-element elementor-element-6cd36af\" data-id=\"6cd36af\" data-element_type=\"column\">\n\t\t\t<div class=\"elementor-widget-wrap elementor-element-populated\">\n\t\t\t\t\t\t\t\t<div class=\"elementor-element elementor-element-30bd272 elementor-position-top elementor-vertical-align-top elementor-widget elementor-widget-image-box\" data-id=\"30bd272\" data-element_type=\"widget\" data-widget_type=\"image-box.default\">\n\t\t\t\t<div class=\"elementor-widget-container\">\n\t\t\t<div class=\"elementor-image-box-wrapper\"><figure class=\"elementor-image-box-img\"><a href=\"#\"><img loading=\"lazy\" decoding=\"async\" width=\"720\" height=\"720\" src=\"https:\/\/pipsapvc.com\/sv\/wp-content\/uploads\/2023\/04\/conduit.jpg\" class=\"attachment-full size-full wp-image-198\" alt=\"\" srcset=\"https:\/\/pipsapvc.com\/sv\/wp-content\/uploads\/2023\/04\/conduit.jpg 720w, https:\/\/pipsapvc.com\/sv\/wp-content\/uploads\/2023\/04\/conduit-450x450.jpg 450w, https:\/\/pipsapvc.com\/sv\/wp-content\/uploads\/2023\/04\/conduit-100x100.jpg 100w, https:\/\/pipsapvc.com\/sv\/wp-content\/uploads\/2023\/04\/conduit-600x600.jpg 600w, https:\/\/pipsapvc.com\/sv\/wp-content\/uploads\/2023\/04\/conduit-300x300.jpg 300w, https:\/\/pipsapvc.com\/sv\/wp-content\/uploads\/2023\/04\/conduit-150x150.jpg 150w\" sizes=\"auto, (max-width: 720px) 100vw, 720px\" \/><\/a><\/figure><div class=\"elementor-image-box-content\"><h5 class=\"elementor-image-box-title\"><a href=\"#\">Tuber\u00eda Conduit<\/a><\/h5><\/div><\/div>\t\t<\/div>\n\t\t\t\t<\/div>\n\t\t\t\t\t<\/div>\n\t\t<\/div>\n\t\t\t\t<div class=\"elementor-column elementor-col-20 elementor-inner-column elementor-element elementor-element-22e2f2f\" data-id=\"22e2f2f\" data-element_type=\"column\">\n\t\t\t<div class=\"elementor-widget-wrap elementor-element-populated\">\n\t\t\t\t\t\t\t\t<div class=\"elementor-element elementor-element-82cea12 elementor-position-top elementor-vertical-align-top elementor-widget elementor-widget-image-box\" data-id=\"82cea12\" data-element_type=\"widget\" data-widget_type=\"image-box.default\">\n\t\t\t\t<div class=\"elementor-widget-container\">\n\t\t\t<div class=\"elementor-image-box-wrapper\"><figure class=\"elementor-image-box-img\"><a href=\"#\"><img loading=\"lazy\" decoding=\"async\" width=\"720\" height=\"720\" src=\"https:\/\/pipsapvc.com\/sv\/wp-content\/uploads\/2023\/04\/accesorios.jpg\" class=\"attachment-full size-full wp-image-200\" alt=\"\" srcset=\"https:\/\/pipsapvc.com\/sv\/wp-content\/uploads\/2023\/04\/accesorios.jpg 720w, https:\/\/pipsapvc.com\/sv\/wp-content\/uploads\/2023\/04\/accesorios-450x450.jpg 450w, https:\/\/pipsapvc.com\/sv\/wp-content\/uploads\/2023\/04\/accesorios-100x100.jpg 100w, https:\/\/pipsapvc.com\/sv\/wp-content\/uploads\/2023\/04\/accesorios-600x600.jpg 600w, https:\/\/pipsapvc.com\/sv\/wp-content\/uploads\/2023\/04\/accesorios-300x300.jpg 300w, https:\/\/pipsapvc.com\/sv\/wp-content\/uploads\/2023\/04\/accesorios-150x150.jpg 150w\" sizes=\"auto, (max-width: 720px) 100vw, 720px\" \/><\/a><\/figure><div class=\"elementor-image-box-content\"><h5 class=\"elementor-image-box-title\"><a href=\"#\">Accesorios PVC<\/a><\/h5><\/div><\/div>\t\t<\/div>\n\t\t\t\t<\/div>\n\t\t\t\t\t<\/div>\n\t\t<\/div>\n\t\t\t\t<div class=\"elementor-column elementor-col-20 elementor-inner-column elementor-element elementor-element-76c0c1a\" data-id=\"76c0c1a\" data-element_type=\"column\">\n\t\t\t<div class=\"elementor-widget-wrap elementor-element-populated\">\n\t\t\t\t\t\t\t\t<div class=\"elementor-element elementor-element-a7af18a elementor-position-top elementor-vertical-align-top elementor-widget elementor-widget-image-box\" data-id=\"a7af18a\" data-element_type=\"widget\" data-widget_type=\"image-box.default\">\n\t\t\t\t<div class=\"elementor-widget-container\">\n\t\t\t<div class=\"elementor-image-box-wrapper\"><figure class=\"elementor-image-box-img\"><a href=\"#\"><img loading=\"lazy\" decoding=\"async\" width=\"720\" height=\"720\" src=\"https:\/\/pipsapvc.com\/sv\/wp-content\/uploads\/2023\/04\/sellospvc.jpg\" class=\"attachment-full size-full wp-image-201\" alt=\"\" srcset=\"https:\/\/pipsapvc.com\/sv\/wp-content\/uploads\/2023\/04\/sellospvc.jpg 720w, https:\/\/pipsapvc.com\/sv\/wp-content\/uploads\/2023\/04\/sellospvc-450x450.jpg 450w, https:\/\/pipsapvc.com\/sv\/wp-content\/uploads\/2023\/04\/sellospvc-100x100.jpg 100w, https:\/\/pipsapvc.com\/sv\/wp-content\/uploads\/2023\/04\/sellospvc-600x600.jpg 600w, https:\/\/pipsapvc.com\/sv\/wp-content\/uploads\/2023\/04\/sellospvc-300x300.jpg 300w, https:\/\/pipsapvc.com\/sv\/wp-content\/uploads\/2023\/04\/sellospvc-150x150.jpg 150w\" sizes=\"auto, (max-width: 720px) 100vw, 720px\" \/><\/a><\/figure><div class=\"elementor-image-box-content\"><h5 class=\"elementor-image-box-title\"><a href=\"#\">Sellos PVC<\/a><\/h5><\/div><\/div>\t\t<\/div>\n\t\t\t\t<\/div>\n\t\t\t\t\t<\/div>\n\t\t<\/div>\n\t\t\t\t\t\t\t<\/div>\n\t\t<\/section>\n\t\t\t\t\t<\/div>\n\t\t<\/div>\n\t\t\t\t\t\t\t<\/div>\n\t\t<\/section>\n\t\t\t\t\t\t\t<\/div>\n\t\t","protected":false},"excerpt":{"rendered":"<p>Productos Categorias Productos que garantizan la calidad Tuber\u00eda agua potable Tuber\u00eda Drenaje Tuber\u00eda Conduit Accesorios PVC Sellos PVC<\/p>\n","protected":false},"author":1,"featured_media":0,"parent":0,"menu_order":0,"comment_status":"closed","ping_status":"closed","template":"elementor_header_footer","meta":{"footnotes":""},"class_list":["post-740","page","type-page","status-publish","hentry"],"_links":{"self":[{"href":"https:\/\/pipsapvc.com\/sv\/wp-json\/wp\/v2\/pages\/740","targetHints":{"allow":["GET"]}}],"collection":[{"href":"https:\/\/pipsapvc.com\/sv\/wp-json\/wp\/v2\/pages"}],"about":[{"href":"https:\/\/pipsapvc.com\/sv\/wp-json\/wp\/v2\/types\/page"}],"author":[{"embeddable":true,"href":"https:\/\/pipsapvc.com\/sv\/wp-json\/wp\/v2\/users\/1"}],"replies":[{"embeddable":true,"href":"https:\/\/pipsapvc.com\/sv\/wp-json\/wp\/v2\/comments?post=740"}],"version-history":[{"count":27,"href":"https:\/\/pipsapvc.com\/sv\/wp-json\/wp\/v2\/pages\/740\/revisions"}],"predecessor-version":[{"id":1300,"href":"https:\/\/pipsapvc.com\/sv\/wp-json\/wp\/v2\/pages\/740\/revisions\/1300"}],"wp:attachment":[{"href":"https:\/\/pipsapvc.com\/sv\/wp-json\/wp\/v2\/media?parent=740"}],"curies":[{"name":"wp","href":"https:\/\/api.w.org\/{rel}","templated":true}]}}